{"id":809,"date":"2020-09-22T10:26:48","date_gmt":"2020-09-22T08:26:48","guid":{"rendered":"https:\/\/www.multibox.sk\/clanky\/?page_id=809"},"modified":"2021-08-04T18:24:02","modified_gmt":"2021-08-04T16:24:02","slug":"ceske-clanky","status":"publish","type":"page","link":"https:\/\/www.multibox.sk\/clanky\/cs\/ceske-clanky\/","title":{"rendered":"\u010cesk\u00e9 \u010dl\u00e1nky"},"content":{"rendered":"","protected":false},"excerpt":{"rendered":"","protected":false},"author":1,"featured_media":0,"parent":0,"menu_order":0,"comment_status":"closed","ping_status":"closed","template":"","meta":{"footnotes":""},"_links":{"self":[{"href":"https:\/\/www.multibox.sk\/clanky\/wp-json\/wp\/v2\/pages\/809"}],"collection":[{"href":"https:\/\/www.multibox.sk\/clanky\/wp-json\/wp\/v2\/pages"}],"about":[{"href":"https:\/\/www.multibox.sk\/clanky\/wp-json\/wp\/v2\/types\/page"}],"author":[{"embeddable":true,"href":"https:\/\/www.multibox.sk\/clanky\/wp-json\/wp\/v2\/users\/1"}],"replies":[{"embeddable":true,"href":"https:\/\/www.multibox.sk\/clanky\/wp-json\/wp\/v2\/comments?post=809"}],"version-history":[{"count":0,"href":"https:\/\/www.multibox.sk\/clanky\/wp-json\/wp\/v2\/pages\/809\/revisions"}],"wp:attachment":[{"href":"https:\/\/www.multibox.sk\/clanky\/wp-json\/wp\/v2\/media?parent=809"}],"curies":[{"name":"wp","href":"https:\/\/api.w.org\/{rel}","templated":true}]}}